{"id":2,"date":"2025-08-16T00:11:45","date_gmt":"2025-08-16T00:11:45","guid":{"rendered":"https:\/\/fondeor.com.mx\/?page_id=2"},"modified":"2025-09-06T20:29:22","modified_gmt":"2025-09-06T20:29:22","slug":"sample-page","status":"publish","type":"page","link":"https:\/\/fondeor.com.mx\/","title":{"rendered":"Home"},"content":{"rendered":"\t\t<div data-elementor-type=\"wp-page\" data-elementor-id=\"2\" class=\"elementor elementor-2\">\n\t\t\t\t<div class=\"elementor-element elementor-element-5220c29 e-flex e-con-boxed e-con e-parent\" data-id=\"5220c29\" data-element_type=\"container\" data-e-type=\"container\">\n\t\t\t\t\t<div class=\"e-con-inner\">\n\t\t<div class=\"elementor-element elementor-element-eafab1f e-con-full e-flex e-con e-child\" data-id=\"eafab1f\" data-element_type=\"container\" data-e-type=\"container\">\n\t\t\t\t<div class=\"elementor-element elementor-element-348d165 elementor-widget elementor-widget-image\" data-id=\"348d165\" data-element_type=\"widget\" data-e-type=\"widget\" data-widget_type=\"image.default\">\n\t\t\t\t\t\t\t\t\t\t\t\t\t\t\t<img fetchpriority=\"high\" decoding=\"async\" width=\"1024\" height=\"341\" src=\"https:\/\/fondeor.com.mx\/wp-content\/uploads\/2025\/08\/cropped-fondeor.png\" class=\"attachment-large size-large wp-image-96\" alt=\"\" srcset=\"https:\/\/fondeor.com.mx\/wp-content\/uploads\/2025\/08\/cropped-fondeor-1024x341.png 1024w, https:\/\/fondeor.com.mx\/wp-content\/uploads\/2025\/08\/cropped-fondeor-300x100.png 300w, https:\/\/fondeor.com.mx\/wp-content\/uploads\/2025\/08\/cropped-fondeor-768x256.png 768w, https:\/\/fondeor.com.mx\/wp-content\/uploads\/2025\/08\/cropped-fondeor-150x50.png 150w, https:\/\/fondeor.com.mx\/wp-content\/uploads\/2025\/08\/cropped-fondeor.png 1251w\" sizes=\"(max-width: 1024px) 100vw, 1024px\" \/>\t\t\t\t\t\t\t\t\t\t\t\t\t\t\t<\/div>\n\t\t\t\t<\/div>\n\t\t\t\t\t<\/div>\n\t\t\t\t<\/div>\n\t\t<div class=\"elementor-element elementor-element-4c086ba e-flex e-con-boxed e-con e-parent\" data-id=\"4c086ba\" data-element_type=\"container\" data-e-type=\"container\">\n\t\t\t\t\t<div class=\"e-con-inner\">\n\t\t\t\t<div class=\"elementor-element elementor-element-a76ca79 elementor-widget elementor-widget-image\" data-id=\"a76ca79\" data-element_type=\"widget\" data-e-type=\"widget\" data-widget_type=\"image.default\">\n\t\t\t\t\t\t\t\t\t\t\t\t\t\t\t<img decoding=\"async\" width=\"1024\" height=\"496\" src=\"https:\/\/fondeor.com.mx\/wp-content\/uploads\/2025\/09\/mapa-2-1024x496.png\" class=\"attachment-large size-large wp-image-158\" alt=\"\" srcset=\"https:\/\/fondeor.com.mx\/wp-content\/uploads\/2025\/09\/mapa-2-1024x496.png 1024w, https:\/\/fondeor.com.mx\/wp-content\/uploads\/2025\/09\/mapa-2-300x145.png 300w, https:\/\/fondeor.com.mx\/wp-content\/uploads\/2025\/09\/mapa-2-768x372.png 768w, https:\/\/fondeor.com.mx\/wp-content\/uploads\/2025\/09\/mapa-2-1536x744.png 1536w, https:\/\/fondeor.com.mx\/wp-content\/uploads\/2025\/09\/mapa-2-2048x992.png 2048w\" sizes=\"(max-width: 1024px) 100vw, 1024px\" \/>\t\t\t\t\t\t\t\t\t\t\t\t\t\t\t<\/div>\n\t\t\t\t\t<\/div>\n\t\t\t\t<\/div>\n\t\t<div class=\"elementor-element elementor-element-8f04393 e-flex e-con-boxed e-con e-parent\" data-id=\"8f04393\" data-element_type=\"container\" data-e-type=\"container\">\n\t\t\t\t\t<div class=\"e-con-inner\">\n\t\t\t\t<div class=\"elementor-element elementor-element-f8d98d2 elementor-widget elementor-widget-text-editor\" data-id=\"f8d98d2\" data-element_type=\"widget\" data-e-type=\"widget\" data-widget_type=\"text-editor.default\">\n\t\t\t\t\t\t\t\t\t<p class=\"p1\"><b>Fondeor\u00ae <\/b>es una plataforma empresarial, financiera e industrial que articula capital inteligente, comunidad inversionista y soluciones de desarrollo territorial.<\/p><p class=\"p1\">Para cada caso y modelo de negocios en cada una de sus divisiones, <b>Fondeor\u00ae<\/b> articula un Cl\u00faster y Hub de negocios en el \u00e1mbito financiero; industria alimentaria y de bebidas; inmobiliaria y construcci\u00f3n; tecnolog\u00eda;<span class=\"Apple-converted-space\">\u00a0 <\/span>turismo y salud as\u00ed como consultor\u00eda, educaci\u00f3n y formaci\u00f3n empresarial.<\/p><p class=\"p1\">Nacimos en el sur de M\u00e9xico con aspiraciones globales, inspirados en el esp\u00edritu de las grandes empresas de clase mundial, pero con un ADN propio de innovaci\u00f3n territorial, administraci\u00f3n estrat\u00e9gica del capital y generaci\u00f3n de riqueza con prop\u00f3sito.<\/p>\t\t\t\t\t\t\t\t<\/div>\n\t\t\t\t\t<\/div>\n\t\t\t\t<\/div>\n\t\t<div class=\"elementor-element elementor-element-7460f66 e-flex e-con-boxed e-con e-parent\" data-id=\"7460f66\" data-element_type=\"container\" data-e-type=\"container\">\n\t\t\t\t\t<div class=\"e-con-inner\">\n\t\t\t\t<div class=\"elementor-element elementor-element-bfb22aa elementor-widget elementor-widget-text-editor\" data-id=\"bfb22aa\" data-element_type=\"widget\" data-e-type=\"widget\" data-widget_type=\"text-editor.default\">\n\t\t\t\t\t\t\t\t\t<p class=\"p1\"><b>www.fondeor.com.mx<\/b><\/p><p class=\"p1\">Torre Reforma<\/p><p class=\"p1\">Av Paseo de la Reforma 483, Piso 14<\/p><p class=\"p1\">Col. Cuauht\u00e9moc, Alcald\u00eda Cuauht\u00e9moc,<\/p><p class=\"p1\">Ciudad de M\u00e9xico 06500.<\/p>\t\t\t\t\t\t\t\t<\/div>\n\t\t\t\t\t<\/div>\n\t\t\t\t<\/div>\n\t\t\t\t<\/div>\n\t\t","protected":false},"excerpt":{"rendered":"<p>Fondeor\u00ae es una plataforma empresarial, financiera e industrial que articula capital inteligente, comunidad inversionista y soluciones de desarrollo territorial. Para [&hellip;]<\/p>\n","protected":false},"author":1,"featured_media":0,"parent":0,"menu_order":0,"comment_status":"closed","ping_status":"closed","template":"","meta":{"site-sidebar-layout":"default","site-content-layout":"","ast-site-content-layout":"default","site-content-style":"default","site-sidebar-style":"default","ast-global-header-display":"","ast-banner-title-visibility":"","ast-main-header-display":"","ast-hfb-above-header-display":"","ast-hfb-below-header-display":"","ast-hfb-mobile-header-display":"","site-post-title":"disabled","ast-breadcrumbs-content":"","ast-featured-img":"","footer-sml-layout":"","ast-disable-related-posts":"","theme-transparent-header-meta":"","adv-header-id-meta":"","stick-header-meta":"","header-above-stick-meta":"","header-main-stick-meta":"","header-below-stick-meta":"","astra-migrate-meta-layouts":"default","ast-page-background-enabled":"default","ast-page-background-meta":{"desktop":{"background-color":"var(--ast-global-color-5)","background-image":"","background-repeat":"repeat","background-position":"center center","background-size":"auto","background-attachment":"scroll","background-type":"","background-media":"","overlay-type":"","overlay-color":"","overlay-opacity":"","overlay-gradient":""},"tablet":{"background-color":"","background-image":"","background-repeat":"repeat","background-position":"center center","background-size":"auto","background-attachment":"scroll","background-type":"","background-media":"","overlay-type":"","overlay-color":"","overlay-opacity":"","overlay-gradient":""},"mobile":{"background-color":"","background-image":"","background-repeat":"repeat","background-position":"center center","background-size":"auto","background-attachment":"scroll","background-type":"","background-media":"","overlay-type":"","overlay-color":"","overlay-opacity":"","overlay-gradient":""}},"ast-content-background-meta":{"desktop":{"background-color":"var(--ast-global-color-4)","background-image":"","background-repeat":"repeat","background-position":"center center","background-size":"auto","background-attachment":"scroll","background-type":"","background-media":"","overlay-type":"","overlay-color":"","overlay-opacity":"","overlay-gradient":""},"tablet":{"background-color":"var(--ast-global-color-4)","background-image":"","background-repeat":"repeat","background-position":"center center","background-size":"auto","background-attachment":"scroll","background-type":"","background-media":"","overlay-type":"","overlay-color":"","overlay-opacity":"","overlay-gradient":""},"mobile":{"background-color":"var(--ast-global-color-4)","background-image":"","background-repeat":"repeat","background-position":"center center","background-size":"auto","background-attachment":"scroll","background-type":"","background-media":"","overlay-type":"","overlay-color":"","overlay-opacity":"","overlay-gradient":""}},"footnotes":""},"class_list":["post-2","page","type-page","status-publish","hentry"],"_links":{"self":[{"href":"https:\/\/fondeor.com.mx\/index.php\/wp-json\/wp\/v2\/pages\/2","targetHints":{"allow":["GET"]}}],"collection":[{"href":"https:\/\/fondeor.com.mx\/index.php\/wp-json\/wp\/v2\/pages"}],"about":[{"href":"https:\/\/fondeor.com.mx\/index.php\/wp-json\/wp\/v2\/types\/page"}],"author":[{"embeddable":true,"href":"https:\/\/fondeor.com.mx\/index.php\/wp-json\/wp\/v2\/users\/1"}],"replies":[{"embeddable":true,"href":"https:\/\/fondeor.com.mx\/index.php\/wp-json\/wp\/v2\/comments?post=2"}],"version-history":[{"count":112,"href":"https:\/\/fondeor.com.mx\/index.php\/wp-json\/wp\/v2\/pages\/2\/revisions"}],"predecessor-version":[{"id":167,"href":"https:\/\/fondeor.com.mx\/index.php\/wp-json\/wp\/v2\/pages\/2\/revisions\/167"}],"wp:attachment":[{"href":"https:\/\/fondeor.com.mx\/index.php\/wp-json\/wp\/v2\/media?parent=2"}],"curies":[{"name":"wp","href":"https:\/\/api.w.org\/{rel}","templated":true}]}}